{"id":33329,"date":"2025-11-10T17:04:09","date_gmt":"2025-11-10T17:04:09","guid":{"rendered":"https:\/\/biscottimascolo.it\/?post_type=product&#038;p=33329"},"modified":"2025-11-10T17:04:09","modified_gmt":"2025-11-10T17:04:09","slug":"christmas-box-deluxe","status":"publish","type":"product","link":"https:\/\/biscottimascolo.it\/en\/prodotto\/christmas-box-deluxe\/","title":{"rendered":"Christmas Box Deluxe"},"content":{"rendered":"","protected":false},"excerpt":{"rendered":"<p data-start=\"251\" data-end=\"315\">Il sapore autentico del Natale, con un tocco di pura eleganza.\u00a0La <strong data-start=\"320\" data-end=\"370\">Christmas Box Deluxe del Biscottificio Mascolo<\/strong> \u00e8 un omaggio alla tradizione pi\u00f9 golosa del Natale napoletano, una selezione di delizie artigianali che raccontano storie di famiglia, profumi d\u2019infanzia e feste vissute con il cuore.<\/p>\n<p data-start=\"558\" data-end=\"1008\">La box contiene:<\/p>\n<ul>\n<li data-start=\"558\" data-end=\"1008\">Struffoli napoletani conditi con miele confettini e canditi 300g<\/li>\n<li data-start=\"558\" data-end=\"1008\">Bab\u00e0 al limoncello 500g<\/li>\n<li data-start=\"558\" data-end=\"1008\">Roccoc\u00f2 extra con mandorle al 20% 400g<\/li>\n<li data-start=\"558\" data-end=\"1008\">Misto mostaccioli scuri e roccoc\u00f2 con mandorle extra al 20% 400g<\/li>\n<li data-start=\"558\" data-end=\"1008\">Mostaccioli bianchi farciti al gusto Rhum 240g<\/li>\n<\/ul>\n<p data-start=\"1287\" data-end=\"1444\">Un dono elegante e raffinato, ideale per chi vuole celebrare il Natale con gusto, tradizione e un pizzico di esclusivit\u00e0 firmata <strong data-start=\"1416\" data-end=\"1441\">Biscottificio Mascolo<\/strong>.<\/p>\n","protected":false},"featured_media":33466,"comment_status":"open","ping_status":"closed","template":"","meta":{"_acf_changed":false},"product_brand":[],"product_cat":[375],"product_tag":[376,377,378,374,379,380,381],"class_list":{"0":"post-33329","1":"product","2":"type-product","3":"status-publish","4":"has-post-thumbnail","6":"product_cat-box-natalizie","7":"product_tag-box-di-natale","8":"product_tag-box-natalizie","9":"product_tag-christmas-box","10":"product_tag-mostaccioli","11":"product_tag-pandoro","12":"product_tag-panettone","13":"product_tag-struffoli","15":"first","16":"instock","17":"sale","18":"taxable","19":"shipping-taxable","20":"purchasable","21":"product-type-simple"},"acf":[],"yoast_head":"<!-- This site is optimized with the Yoast SEO plugin v27.2 - https:\/\/yoast.com\/product\/yoast-seo-wordpress\/ -->\n<title>Christmas Box Deluxe - Biscotti Mascolo<\/title>\n<meta name=\"robots\" content=\"index, follow, max-snippet:-1, max-image-preview:large, max-video-preview:-1\" \/>\n<link rel=\"canonical\" href=\"https:\/\/biscottimascolo.it\/prodotto\/christmas-box-deluxe\/\" \/>\n<meta property=\"og:locale\" content=\"en_US\" \/>\n<meta property=\"og:type\" content=\"article\" \/>\n<meta property=\"og:title\" content=\"Christmas Box Deluxe - Biscotti Mascolo\" \/>\n<meta property=\"og:description\" content=\"Il sapore autentico del Natale, con un tocco di pura eleganza.\u00a0La Christmas Box Deluxe del Biscottificio Mascolo \u00e8 un omaggio alla tradizione pi\u00f9 golosa del Natale napoletano, una selezione di delizie artigianali che raccontano storie di famiglia, profumi d\u2019infanzia e feste vissute con il cuore. La box contiene:    Struffoli napoletani conditi con miele confettini e canditi 300g  Bab\u00e0 al limoncello 500g  Roccoc\u00f2 extra con mandorle al 20% 400g  Misto mostaccioli scuri e roccoc\u00f2 con mandorle extra al 20% 400g  Mostaccioli bianchi farciti al gusto Rhum 240g  Un dono elegante e raffinato, ideale per chi vuole celebrare il Natale con gusto, tradizione e un pizzico di esclusivit\u00e0 firmata Biscottificio Mascolo.\" \/>\n<meta property=\"og:url\" content=\"https:\/\/biscottimascolo.it\/prodotto\/christmas-box-deluxe\/\" \/>\n<meta property=\"og:site_name\" content=\"Biscotti Mascolo\" \/>\n<meta property=\"og:image\" content=\"https:\/\/biscottimascolo.it\/wp-content\/uploads\/2025\/10\/Christmas-Box-Deluxe-1.jpg\" \/>\n\t<meta property=\"og:image:width\" content=\"1500\" \/>\n\t<meta property=\"og:image:height\" content=\"1500\" \/>\n\t<meta property=\"og:image:type\" content=\"image\/jpeg\" \/>\n<meta name=\"twitter:card\" content=\"summary_large_image\" \/>\n<meta name=\"twitter:label1\" content=\"Est. reading time\" \/>\n\t<meta name=\"twitter:data1\" content=\"1 minute\" \/>\n<script type=\"application\/ld+json\" class=\"yoast-schema-graph\">{\"@context\":\"https:\/\/schema.org\",\"@graph\":[{\"@type\":\"WebPage\",\"@id\":\"https:\/\/biscottimascolo.it\/prodotto\/christmas-box-deluxe\/\",\"url\":\"https:\/\/biscottimascolo.it\/prodotto\/christmas-box-deluxe\/\",\"name\":\"Christmas Box Deluxe - Biscotti Mascolo\",\"isPartOf\":{\"@id\":\"https:\/\/biscottimascolo.it\/#website\"},\"primaryImageOfPage\":{\"@id\":\"https:\/\/biscottimascolo.it\/prodotto\/christmas-box-deluxe\/#primaryimage\"},\"image\":{\"@id\":\"https:\/\/biscottimascolo.it\/prodotto\/christmas-box-deluxe\/#primaryimage\"},\"thumbnailUrl\":\"https:\/\/biscottimascolo.it\/wp-content\/uploads\/2025\/10\/Christmas-Box-Deluxe-1.jpg\",\"datePublished\":\"2025-11-10T17:04:09+00:00\",\"breadcrumb\":{\"@id\":\"https:\/\/biscottimascolo.it\/prodotto\/christmas-box-deluxe\/#breadcrumb\"},\"inLanguage\":\"en-US\",\"potentialAction\":[{\"@type\":\"ReadAction\",\"target\":[\"https:\/\/biscottimascolo.it\/prodotto\/christmas-box-deluxe\/\"]}]},{\"@type\":\"ImageObject\",\"inLanguage\":\"en-US\",\"@id\":\"https:\/\/biscottimascolo.it\/prodotto\/christmas-box-deluxe\/#primaryimage\",\"url\":\"https:\/\/biscottimascolo.it\/wp-content\/uploads\/2025\/10\/Christmas-Box-Deluxe-1.jpg\",\"contentUrl\":\"https:\/\/biscottimascolo.it\/wp-content\/uploads\/2025\/10\/Christmas-Box-Deluxe-1.jpg\",\"width\":1500,\"height\":1500},{\"@type\":\"BreadcrumbList\",\"@id\":\"https:\/\/biscottimascolo.it\/prodotto\/christmas-box-deluxe\/#breadcrumb\",\"itemListElement\":[{\"@type\":\"ListItem\",\"position\":1,\"name\":\"Home\",\"item\":\"https:\/\/biscottimascolo.it\/\"},{\"@type\":\"ListItem\",\"position\":2,\"name\":\"Shop\",\"item\":\"https:\/\/biscottimascolo.it\/shop\/\"},{\"@type\":\"ListItem\",\"position\":3,\"name\":\"Christmas Box Deluxe\"}]},{\"@type\":\"WebSite\",\"@id\":\"https:\/\/biscottimascolo.it\/#website\",\"url\":\"https:\/\/biscottimascolo.it\/\",\"name\":\"Biscottificio Mascolo\",\"description\":\"Prodotti da forno di Alta Qualit\u00e0\",\"potentialAction\":[{\"@type\":\"SearchAction\",\"target\":{\"@type\":\"EntryPoint\",\"urlTemplate\":\"https:\/\/biscottimascolo.it\/?s={search_term_string}\"},\"query-input\":{\"@type\":\"PropertyValueSpecification\",\"valueRequired\":true,\"valueName\":\"search_term_string\"}}],\"inLanguage\":\"en-US\"}]}<\/script>\n<!-- \/ Yoast SEO plugin. -->","yoast_head_json":{"title":"Christmas Box Deluxe - Biscotti Mascolo","robots":{"index":"index","follow":"follow","max-snippet":"max-snippet:-1","max-image-preview":"max-image-preview:large","max-video-preview":"max-video-preview:-1"},"canonical":"https:\/\/biscottimascolo.it\/prodotto\/christmas-box-deluxe\/","og_locale":"en_US","og_type":"article","og_title":"Christmas Box Deluxe - Biscotti Mascolo","og_description":"Il sapore autentico del Natale, con un tocco di pura eleganza.\u00a0La Christmas Box Deluxe del Biscottificio Mascolo \u00e8 un omaggio alla tradizione pi\u00f9 golosa del Natale napoletano, una selezione di delizie artigianali che raccontano storie di famiglia, profumi d\u2019infanzia e feste vissute con il cuore. La box contiene:    Struffoli napoletani conditi con miele confettini e canditi 300g  Bab\u00e0 al limoncello 500g  Roccoc\u00f2 extra con mandorle al 20% 400g  Misto mostaccioli scuri e roccoc\u00f2 con mandorle extra al 20% 400g  Mostaccioli bianchi farciti al gusto Rhum 240g  Un dono elegante e raffinato, ideale per chi vuole celebrare il Natale con gusto, tradizione e un pizzico di esclusivit\u00e0 firmata Biscottificio Mascolo.","og_url":"https:\/\/biscottimascolo.it\/prodotto\/christmas-box-deluxe\/","og_site_name":"Biscotti Mascolo","og_image":[{"width":1500,"height":1500,"url":"https:\/\/biscottimascolo.it\/wp-content\/uploads\/2025\/10\/Christmas-Box-Deluxe-1.jpg","type":"image\/jpeg"}],"twitter_card":"summary_large_image","twitter_misc":{"Est. reading time":"1 minute"},"schema":{"@context":"https:\/\/schema.org","@graph":[{"@type":"WebPage","@id":"https:\/\/biscottimascolo.it\/prodotto\/christmas-box-deluxe\/","url":"https:\/\/biscottimascolo.it\/prodotto\/christmas-box-deluxe\/","name":"Christmas Box Deluxe - Biscotti Mascolo","isPartOf":{"@id":"https:\/\/biscottimascolo.it\/#website"},"primaryImageOfPage":{"@id":"https:\/\/biscottimascolo.it\/prodotto\/christmas-box-deluxe\/#primaryimage"},"image":{"@id":"https:\/\/biscottimascolo.it\/prodotto\/christmas-box-deluxe\/#primaryimage"},"thumbnailUrl":"https:\/\/biscottimascolo.it\/wp-content\/uploads\/2025\/10\/Christmas-Box-Deluxe-1.jpg","datePublished":"2025-11-10T17:04:09+00:00","breadcrumb":{"@id":"https:\/\/biscottimascolo.it\/prodotto\/christmas-box-deluxe\/#breadcrumb"},"inLanguage":"en-US","potentialAction":[{"@type":"ReadAction","target":["https:\/\/biscottimascolo.it\/prodotto\/christmas-box-deluxe\/"]}]},{"@type":"ImageObject","inLanguage":"en-US","@id":"https:\/\/biscottimascolo.it\/prodotto\/christmas-box-deluxe\/#primaryimage","url":"https:\/\/biscottimascolo.it\/wp-content\/uploads\/2025\/10\/Christmas-Box-Deluxe-1.jpg","contentUrl":"https:\/\/biscottimascolo.it\/wp-content\/uploads\/2025\/10\/Christmas-Box-Deluxe-1.jpg","width":1500,"height":1500},{"@type":"BreadcrumbList","@id":"https:\/\/biscottimascolo.it\/prodotto\/christmas-box-deluxe\/#breadcrumb","itemListElement":[{"@type":"ListItem","position":1,"name":"Home","item":"https:\/\/biscottimascolo.it\/"},{"@type":"ListItem","position":2,"name":"Shop","item":"https:\/\/biscottimascolo.it\/shop\/"},{"@type":"ListItem","position":3,"name":"Christmas Box Deluxe"}]},{"@type":"WebSite","@id":"https:\/\/biscottimascolo.it\/#website","url":"https:\/\/biscottimascolo.it\/","name":"Biscottificio Mascolo","description":"Prodotti da forno di Alta Qualit\u00e0","potentialAction":[{"@type":"SearchAction","target":{"@type":"EntryPoint","urlTemplate":"https:\/\/biscottimascolo.it\/?s={search_term_string}"},"query-input":{"@type":"PropertyValueSpecification","valueRequired":true,"valueName":"search_term_string"}}],"inLanguage":"en-US"}]}},"_links":{"self":[{"href":"https:\/\/biscottimascolo.it\/en\/wp-json\/wp\/v2\/product\/33329","targetHints":{"allow":["GET"]}}],"collection":[{"href":"https:\/\/biscottimascolo.it\/en\/wp-json\/wp\/v2\/product"}],"about":[{"href":"https:\/\/biscottimascolo.it\/en\/wp-json\/wp\/v2\/types\/product"}],"replies":[{"embeddable":true,"href":"https:\/\/biscottimascolo.it\/en\/wp-json\/wp\/v2\/comments?post=33329"}],"version-history":[{"count":5,"href":"https:\/\/biscottimascolo.it\/en\/wp-json\/wp\/v2\/product\/33329\/revisions"}],"predecessor-version":[{"id":33489,"href":"https:\/\/biscottimascolo.it\/en\/wp-json\/wp\/v2\/product\/33329\/revisions\/33489"}],"wp:featuredmedia":[{"embeddable":true,"href":"https:\/\/biscottimascolo.it\/en\/wp-json\/wp\/v2\/media\/33466"}],"wp:attachment":[{"href":"https:\/\/biscottimascolo.it\/en\/wp-json\/wp\/v2\/media?parent=33329"}],"wp:term":[{"taxonomy":"product_brand","embeddable":true,"href":"https:\/\/biscottimascolo.it\/en\/wp-json\/wp\/v2\/product_brand?post=33329"},{"taxonomy":"product_cat","embeddable":true,"href":"https:\/\/biscottimascolo.it\/en\/wp-json\/wp\/v2\/product_cat?post=33329"},{"taxonomy":"product_tag","embeddable":true,"href":"https:\/\/biscottimascolo.it\/en\/wp-json\/wp\/v2\/product_tag?post=33329"}],"curies":[{"name":"wp","href":"https:\/\/api.w.org\/{rel}","templated":true}]}}