{"id":33326,"date":"2025-11-10T17:04:09","date_gmt":"2025-11-10T17:04:09","guid":{"rendered":"https:\/\/biscottimascolo.it\/?post_type=product&#038;p=33326"},"modified":"2025-11-10T17:04:09","modified_gmt":"2025-11-10T17:04:09","slug":"christmas-box-classic-deluxe","status":"publish","type":"product","link":"https:\/\/biscottimascolo.it\/en\/prodotto\/christmas-box-classic-deluxe\/","title":{"rendered":"Christmas Box Classic Deluxe"},"content":{"rendered":"","protected":false},"excerpt":{"rendered":"<p data-start=\"280\" data-end=\"337\">La magia del Natale in un cofanetto di pura tradizione.\u00a0La <strong data-start=\"342\" data-end=\"396\">Christmas Classic Deluxe del Biscottificio Mascolo<\/strong> \u00e8 pi\u00f9 di una semplice box: \u00e8 un viaggio nei profumi, nei sapori e nei ricordi del Natale napoletano.<\/p>\n<p data-start=\"280\" data-end=\"337\">La box contiene:<\/p>\n<ul>\n<li data-start=\"280\" data-end=\"337\"><strong>Mostaccioli scuri farciti al gusto limone 240g<\/strong><\/li>\n<li data-start=\"280\" data-end=\"337\"><strong>Mostaccioli scuri farciti con pistacchio 240g<\/strong><\/li>\n<li data-start=\"280\" data-end=\"337\"><strong>Struffoli napoletani da condire 400g<\/strong><\/li>\n<li data-start=\"280\" data-end=\"337\"><strong>Misto mostaccioli scuri e roccoc\u00f2 con mandorle extra al 20% 400g<\/strong><\/li>\n<li data-start=\"280\" data-end=\"337\"><strong>Panettone nocciolato napoletano glassato 1kg<\/strong><\/li>\n<\/ul>\n<p data-start=\"1425\" data-end=\"1578\">Un regalo che racchiude tutto il calore e la passione del <strong data-start=\"1483\" data-end=\"1508\">Biscottificio Mascolo<\/strong>, dove ogni dolce nasce per far rivivere il vero spirito del Natale.<\/p>\n<p>&nbsp;<\/p>\n","protected":false},"featured_media":33476,"comment_status":"open","ping_status":"closed","template":"","meta":{"_acf_changed":false},"product_brand":[],"product_cat":[375],"product_tag":[376,377,378,374,379,380,381],"class_list":{"0":"post-33326","1":"product","2":"type-product","3":"status-publish","4":"has-post-thumbnail","6":"product_cat-box-natalizie","7":"product_tag-box-di-natale","8":"product_tag-box-natalizie","9":"product_tag-christmas-box","10":"product_tag-mostaccioli","11":"product_tag-pandoro","12":"product_tag-panettone","13":"product_tag-struffoli","15":"first","16":"instock","17":"sale","18":"taxable","19":"shipping-taxable","20":"purchasable","21":"product-type-simple"},"acf":[],"yoast_head":"<!-- This site is optimized with the Yoast SEO plugin v27.3 - https:\/\/yoast.com\/product\/yoast-seo-wordpress\/ -->\n<title>Christmas Box Classic Deluxe - Biscotti Mascolo<\/title>\n<meta name=\"robots\" content=\"index, follow, max-snippet:-1, max-image-preview:large, max-video-preview:-1\" \/>\n<link rel=\"canonical\" href=\"https:\/\/biscottimascolo.it\/prodotto\/christmas-box-classic-deluxe\/\" \/>\n<meta property=\"og:locale\" content=\"en_US\" \/>\n<meta property=\"og:type\" content=\"article\" \/>\n<meta property=\"og:title\" content=\"Christmas Box Classic Deluxe - Biscotti Mascolo\" \/>\n<meta property=\"og:description\" content=\"La magia del Natale in un cofanetto di pura tradizione.\u00a0La Christmas Classic Deluxe del Biscottificio Mascolo \u00e8 pi\u00f9 di una semplice box: \u00e8 un viaggio nei profumi, nei sapori e nei ricordi del Natale napoletano. La box contiene:    Mostaccioli scuri farciti al gusto limone 240g  Mostaccioli scuri farciti con pistacchio 240g  Struffoli napoletani da condire 400g  Misto mostaccioli scuri e roccoc\u00f2 con mandorle extra al 20% 400g  Panettone nocciolato napoletano glassato 1kg  Un regalo che racchiude tutto il calore e la passione del Biscottificio Mascolo, dove ogni dolce nasce per far rivivere il vero spirito del Natale. &nbsp;\" \/>\n<meta property=\"og:url\" content=\"https:\/\/biscottimascolo.it\/prodotto\/christmas-box-classic-deluxe\/\" \/>\n<meta property=\"og:site_name\" content=\"Biscotti Mascolo\" \/>\n<meta property=\"og:image\" content=\"https:\/\/biscottimascolo.it\/wp-content\/uploads\/2025\/10\/Christmas-Box-Classic-Deluxe-1.jpg\" \/>\n\t<meta property=\"og:image:width\" content=\"1500\" \/>\n\t<meta property=\"og:image:height\" content=\"1500\" \/>\n\t<meta property=\"og:image:type\" content=\"image\/jpeg\" \/>\n<meta name=\"twitter:card\" content=\"summary_large_image\" \/>\n<meta name=\"twitter:label1\" content=\"Est. reading time\" \/>\n\t<meta name=\"twitter:data1\" content=\"1 minute\" \/>\n<script type=\"application\/ld+json\" class=\"yoast-schema-graph\">{\"@context\":\"https:\\\/\\\/schema.org\",\"@graph\":[{\"@type\":\"WebPage\",\"@id\":\"https:\\\/\\\/biscottimascolo.it\\\/prodotto\\\/christmas-box-classic-deluxe\\\/\",\"url\":\"https:\\\/\\\/biscottimascolo.it\\\/prodotto\\\/christmas-box-classic-deluxe\\\/\",\"name\":\"Christmas Box Classic Deluxe - Biscotti Mascolo\",\"isPartOf\":{\"@id\":\"https:\\\/\\\/biscottimascolo.it\\\/#website\"},\"primaryImageOfPage\":{\"@id\":\"https:\\\/\\\/biscottimascolo.it\\\/prodotto\\\/christmas-box-classic-deluxe\\\/#primaryimage\"},\"image\":{\"@id\":\"https:\\\/\\\/biscottimascolo.it\\\/prodotto\\\/christmas-box-classic-deluxe\\\/#primaryimage\"},\"thumbnailUrl\":\"https:\\\/\\\/biscottimascolo.it\\\/wp-content\\\/uploads\\\/2025\\\/10\\\/Christmas-Box-Classic-Deluxe-1.jpg\",\"datePublished\":\"2025-11-10T17:04:09+00:00\",\"breadcrumb\":{\"@id\":\"https:\\\/\\\/biscottimascolo.it\\\/prodotto\\\/christmas-box-classic-deluxe\\\/#breadcrumb\"},\"inLanguage\":\"en-US\",\"potentialAction\":[{\"@type\":\"ReadAction\",\"target\":[\"https:\\\/\\\/biscottimascolo.it\\\/prodotto\\\/christmas-box-classic-deluxe\\\/\"]}]},{\"@type\":\"ImageObject\",\"inLanguage\":\"en-US\",\"@id\":\"https:\\\/\\\/biscottimascolo.it\\\/prodotto\\\/christmas-box-classic-deluxe\\\/#primaryimage\",\"url\":\"https:\\\/\\\/biscottimascolo.it\\\/wp-content\\\/uploads\\\/2025\\\/10\\\/Christmas-Box-Classic-Deluxe-1.jpg\",\"contentUrl\":\"https:\\\/\\\/biscottimascolo.it\\\/wp-content\\\/uploads\\\/2025\\\/10\\\/Christmas-Box-Classic-Deluxe-1.jpg\",\"width\":1500,\"height\":1500},{\"@type\":\"BreadcrumbList\",\"@id\":\"https:\\\/\\\/biscottimascolo.it\\\/prodotto\\\/christmas-box-classic-deluxe\\\/#breadcrumb\",\"itemListElement\":[{\"@type\":\"ListItem\",\"position\":1,\"name\":\"Home\",\"item\":\"https:\\\/\\\/biscottimascolo.it\\\/\"},{\"@type\":\"ListItem\",\"position\":2,\"name\":\"Shop\",\"item\":\"https:\\\/\\\/biscottimascolo.it\\\/shop\\\/\"},{\"@type\":\"ListItem\",\"position\":3,\"name\":\"Christmas Box Classic Deluxe\"}]},{\"@type\":\"WebSite\",\"@id\":\"https:\\\/\\\/biscottimascolo.it\\\/#website\",\"url\":\"https:\\\/\\\/biscottimascolo.it\\\/\",\"name\":\"Biscottificio Mascolo\",\"description\":\"Prodotti da forno di Alta Qualit&agrave;\",\"potentialAction\":[{\"@type\":\"SearchAction\",\"target\":{\"@type\":\"EntryPoint\",\"urlTemplate\":\"https:\\\/\\\/biscottimascolo.it\\\/?s={search_term_string}\"},\"query-input\":{\"@type\":\"PropertyValueSpecification\",\"valueRequired\":true,\"valueName\":\"search_term_string\"}}],\"inLanguage\":\"en-US\"}]}<\/script>\n<!-- \/ Yoast SEO plugin. -->","yoast_head_json":{"title":"Christmas Box Classic Deluxe - Biscotti Mascolo","robots":{"index":"index","follow":"follow","max-snippet":"max-snippet:-1","max-image-preview":"max-image-preview:large","max-video-preview":"max-video-preview:-1"},"canonical":"https:\/\/biscottimascolo.it\/prodotto\/christmas-box-classic-deluxe\/","og_locale":"en_US","og_type":"article","og_title":"Christmas Box Classic Deluxe - Biscotti Mascolo","og_description":"La magia del Natale in un cofanetto di pura tradizione.\u00a0La Christmas Classic Deluxe del Biscottificio Mascolo \u00e8 pi\u00f9 di una semplice box: \u00e8 un viaggio nei profumi, nei sapori e nei ricordi del Natale napoletano. La box contiene:    Mostaccioli scuri farciti al gusto limone 240g  Mostaccioli scuri farciti con pistacchio 240g  Struffoli napoletani da condire 400g  Misto mostaccioli scuri e roccoc\u00f2 con mandorle extra al 20% 400g  Panettone nocciolato napoletano glassato 1kg  Un regalo che racchiude tutto il calore e la passione del Biscottificio Mascolo, dove ogni dolce nasce per far rivivere il vero spirito del Natale. &nbsp;","og_url":"https:\/\/biscottimascolo.it\/prodotto\/christmas-box-classic-deluxe\/","og_site_name":"Biscotti Mascolo","og_image":[{"width":1500,"height":1500,"url":"https:\/\/biscottimascolo.it\/wp-content\/uploads\/2025\/10\/Christmas-Box-Classic-Deluxe-1.jpg","type":"image\/jpeg"}],"twitter_card":"summary_large_image","twitter_misc":{"Est. reading time":"1 minute"},"schema":{"@context":"https:\/\/schema.org","@graph":[{"@type":"WebPage","@id":"https:\/\/biscottimascolo.it\/prodotto\/christmas-box-classic-deluxe\/","url":"https:\/\/biscottimascolo.it\/prodotto\/christmas-box-classic-deluxe\/","name":"Christmas Box Classic Deluxe - Biscotti Mascolo","isPartOf":{"@id":"https:\/\/biscottimascolo.it\/#website"},"primaryImageOfPage":{"@id":"https:\/\/biscottimascolo.it\/prodotto\/christmas-box-classic-deluxe\/#primaryimage"},"image":{"@id":"https:\/\/biscottimascolo.it\/prodotto\/christmas-box-classic-deluxe\/#primaryimage"},"thumbnailUrl":"https:\/\/biscottimascolo.it\/wp-content\/uploads\/2025\/10\/Christmas-Box-Classic-Deluxe-1.jpg","datePublished":"2025-11-10T17:04:09+00:00","breadcrumb":{"@id":"https:\/\/biscottimascolo.it\/prodotto\/christmas-box-classic-deluxe\/#breadcrumb"},"inLanguage":"en-US","potentialAction":[{"@type":"ReadAction","target":["https:\/\/biscottimascolo.it\/prodotto\/christmas-box-classic-deluxe\/"]}]},{"@type":"ImageObject","inLanguage":"en-US","@id":"https:\/\/biscottimascolo.it\/prodotto\/christmas-box-classic-deluxe\/#primaryimage","url":"https:\/\/biscottimascolo.it\/wp-content\/uploads\/2025\/10\/Christmas-Box-Classic-Deluxe-1.jpg","contentUrl":"https:\/\/biscottimascolo.it\/wp-content\/uploads\/2025\/10\/Christmas-Box-Classic-Deluxe-1.jpg","width":1500,"height":1500},{"@type":"BreadcrumbList","@id":"https:\/\/biscottimascolo.it\/prodotto\/christmas-box-classic-deluxe\/#breadcrumb","itemListElement":[{"@type":"ListItem","position":1,"name":"Home","item":"https:\/\/biscottimascolo.it\/"},{"@type":"ListItem","position":2,"name":"Shop","item":"https:\/\/biscottimascolo.it\/shop\/"},{"@type":"ListItem","position":3,"name":"Christmas Box Classic Deluxe"}]},{"@type":"WebSite","@id":"https:\/\/biscottimascolo.it\/#website","url":"https:\/\/biscottimascolo.it\/","name":"Biscottificio Mascolo","description":"Prodotti da forno di Alta Qualit&agrave;","potentialAction":[{"@type":"SearchAction","target":{"@type":"EntryPoint","urlTemplate":"https:\/\/biscottimascolo.it\/?s={search_term_string}"},"query-input":{"@type":"PropertyValueSpecification","valueRequired":true,"valueName":"search_term_string"}}],"inLanguage":"en-US"}]}},"_links":{"self":[{"href":"https:\/\/biscottimascolo.it\/en\/wp-json\/wp\/v2\/product\/33326","targetHints":{"allow":["GET"]}}],"collection":[{"href":"https:\/\/biscottimascolo.it\/en\/wp-json\/wp\/v2\/product"}],"about":[{"href":"https:\/\/biscottimascolo.it\/en\/wp-json\/wp\/v2\/types\/product"}],"replies":[{"embeddable":true,"href":"https:\/\/biscottimascolo.it\/en\/wp-json\/wp\/v2\/comments?post=33326"}],"version-history":[{"count":6,"href":"https:\/\/biscottimascolo.it\/en\/wp-json\/wp\/v2\/product\/33326\/revisions"}],"predecessor-version":[{"id":33486,"href":"https:\/\/biscottimascolo.it\/en\/wp-json\/wp\/v2\/product\/33326\/revisions\/33486"}],"wp:featuredmedia":[{"embeddable":true,"href":"https:\/\/biscottimascolo.it\/en\/wp-json\/wp\/v2\/media\/33476"}],"wp:attachment":[{"href":"https:\/\/biscottimascolo.it\/en\/wp-json\/wp\/v2\/media?parent=33326"}],"wp:term":[{"taxonomy":"product_brand","embeddable":true,"href":"https:\/\/biscottimascolo.it\/en\/wp-json\/wp\/v2\/product_brand?post=33326"},{"taxonomy":"product_cat","embeddable":true,"href":"https:\/\/biscottimascolo.it\/en\/wp-json\/wp\/v2\/product_cat?post=33326"},{"taxonomy":"product_tag","embeddable":true,"href":"https:\/\/biscottimascolo.it\/en\/wp-json\/wp\/v2\/product_tag?post=33326"}],"curies":[{"name":"wp","href":"https:\/\/api.w.org\/{rel}","templated":true}]}}