{"id":33324,"date":"2025-11-10T17:04:08","date_gmt":"2025-11-10T17:04:08","guid":{"rendered":"https:\/\/biscottimascolo.it\/?post_type=product&#038;p=33324"},"modified":"2025-11-10T17:04:08","modified_gmt":"2025-11-10T17:04:08","slug":"christmas-box-classic","status":"publish","type":"product","link":"https:\/\/biscottimascolo.it\/en\/prodotto\/christmas-box-classic\/","title":{"rendered":"Christmas Box Classic"},"content":{"rendered":"<p>A Natale puoi&#8230;<\/p>\n<p>regalare sapori tradizionali e unici con le box natalizie di Biscotti Mascolo.<\/p>\n<p>La Christmas Box Classic comprende:<\/p>\n<ul>\n<li style=\"font-weight: 400;\">Mostaccioli ripieni scuri Benevento 240 gr\u00a0 6.00\u20ac<\/li>\n<li style=\"font-weight: 400;\">Mostaccioli ripieni caffe\u2019 240 gr\u00a0 6.00\u20ac<\/li>\n<li style=\"font-weight: 400;\">Roccoco\u2019 400 gr\u00a0\u00a0 9.00\u20ac<\/li>\n<li style=\"font-weight: 400;\">Mostaccioli scuri 400 gr\u00a09.00\u20ac<\/li>\n<li>Pandoro \u20ac\u00a035.00<\/li>\n<\/ul>\n<p>&nbsp;<\/p>\n","protected":false},"excerpt":{"rendered":"<p data-start=\"179\" data-end=\"223\">Un dono che profuma di festa e tradizione.\u00a0La <strong data-start=\"228\" data-end=\"279\">Christmas Box Classic del Biscottificio Mascolo<\/strong> \u00e8 un viaggio nei sapori autentici del Natale napoletano: un cofanetto elegante che racchiude l\u2019essenza delle feste, tra profumi e sapori.<\/p>\n<p>La box contiene:<\/p>\n<ul>\n<li><strong>Misto mostaccioli scuri e roccoc\u00f2 con mandorle extra al 20% 400g<\/strong><\/li>\n<li><strong>Roccoc\u00f2 extra con mandorle al 20% 400g<\/strong><\/li>\n<li><strong>Mostaccioli scuri farciti al gusto caff\u00e8 240g<\/strong><\/li>\n<li><strong>Mostaccioli scuri farciti Benevento 240g<\/strong><\/li>\n<li><strong>Pandoro tutto burro 1kg<\/strong><\/li>\n<\/ul>\n<p data-start=\"994\" data-end=\"1161\">Un pensiero prezioso per chi ama il gusto vero del Natale, firmato <strong data-start=\"1061\" data-end=\"1086\">Biscottificio Mascolo<\/strong>, dove ogni dolce racconta una storia di passione, famiglia e territorio.<\/p>\n","protected":false},"featured_media":33474,"comment_status":"open","ping_status":"closed","template":"","meta":{"_acf_changed":false},"product_brand":[],"product_cat":[375],"product_tag":[376,377,378,374,379,380,381],"class_list":{"0":"post-33324","1":"product","2":"type-product","3":"status-publish","4":"has-post-thumbnail","6":"product_cat-box-natalizie","7":"product_tag-box-di-natale","8":"product_tag-box-natalizie","9":"product_tag-christmas-box","10":"product_tag-mostaccioli","11":"product_tag-pandoro","12":"product_tag-panettone","13":"product_tag-struffoli","15":"first","16":"instock","17":"sale","18":"taxable","19":"shipping-taxable","20":"purchasable","21":"product-type-simple"},"acf":[],"yoast_head":"<!-- This site is optimized with the Yoast SEO plugin v27.2 - https:\/\/yoast.com\/product\/yoast-seo-wordpress\/ -->\n<title>Christmas Box Classic - Biscotti Mascolo<\/title>\n<meta name=\"robots\" content=\"index, follow, max-snippet:-1, max-image-preview:large, max-video-preview:-1\" \/>\n<link rel=\"canonical\" href=\"https:\/\/biscottimascolo.it\/prodotto\/christmas-box-classic\/\" \/>\n<meta property=\"og:locale\" content=\"en_US\" \/>\n<meta property=\"og:type\" content=\"article\" \/>\n<meta property=\"og:title\" content=\"Christmas Box Classic - Biscotti Mascolo\" \/>\n<meta property=\"og:description\" content=\"Un dono che profuma di festa e tradizione.\u00a0La Christmas Box Classic del Biscottificio Mascolo \u00e8 un viaggio nei sapori autentici del Natale napoletano: un cofanetto elegante che racchiude l\u2019essenza delle feste, tra profumi e sapori. La box contiene:   Misto mostaccioli scuri e roccoc\u00f2 con mandorle extra al 20% 400g  Roccoc\u00f2 extra con mandorle al 20% 400g  Mostaccioli scuri farciti al gusto caff\u00e8 240g  Mostaccioli scuri farciti Benevento 240g  Pandoro tutto burro 1kg  Un pensiero prezioso per chi ama il gusto vero del Natale, firmato Biscottificio Mascolo, dove ogni dolce racconta una storia di passione, famiglia e territorio.\" \/>\n<meta property=\"og:url\" content=\"https:\/\/biscottimascolo.it\/prodotto\/christmas-box-classic\/\" \/>\n<meta property=\"og:site_name\" content=\"Biscotti Mascolo\" \/>\n<meta property=\"og:image\" content=\"https:\/\/biscottimascolo.it\/wp-content\/uploads\/2025\/10\/Christmas-Box-Classic.jpg\" \/>\n\t<meta property=\"og:image:width\" content=\"1500\" \/>\n\t<meta property=\"og:image:height\" content=\"1500\" \/>\n\t<meta property=\"og:image:type\" content=\"image\/jpeg\" \/>\n<meta name=\"twitter:card\" content=\"summary_large_image\" \/>\n<meta name=\"twitter:label1\" content=\"Est. reading time\" \/>\n\t<meta name=\"twitter:data1\" content=\"1 minute\" \/>\n<script type=\"application\/ld+json\" class=\"yoast-schema-graph\">{\"@context\":\"https:\/\/schema.org\",\"@graph\":[{\"@type\":\"WebPage\",\"@id\":\"https:\/\/biscottimascolo.it\/prodotto\/christmas-box-classic\/\",\"url\":\"https:\/\/biscottimascolo.it\/prodotto\/christmas-box-classic\/\",\"name\":\"Christmas Box Classic - Biscotti Mascolo\",\"isPartOf\":{\"@id\":\"https:\/\/biscottimascolo.it\/#website\"},\"primaryImageOfPage\":{\"@id\":\"https:\/\/biscottimascolo.it\/prodotto\/christmas-box-classic\/#primaryimage\"},\"image\":{\"@id\":\"https:\/\/biscottimascolo.it\/prodotto\/christmas-box-classic\/#primaryimage\"},\"thumbnailUrl\":\"https:\/\/biscottimascolo.it\/wp-content\/uploads\/2025\/10\/Christmas-Box-Classic.jpg\",\"datePublished\":\"2025-11-10T17:04:08+00:00\",\"breadcrumb\":{\"@id\":\"https:\/\/biscottimascolo.it\/prodotto\/christmas-box-classic\/#breadcrumb\"},\"inLanguage\":\"en-US\",\"potentialAction\":[{\"@type\":\"ReadAction\",\"target\":[\"https:\/\/biscottimascolo.it\/prodotto\/christmas-box-classic\/\"]}]},{\"@type\":\"ImageObject\",\"inLanguage\":\"en-US\",\"@id\":\"https:\/\/biscottimascolo.it\/prodotto\/christmas-box-classic\/#primaryimage\",\"url\":\"https:\/\/biscottimascolo.it\/wp-content\/uploads\/2025\/10\/Christmas-Box-Classic.jpg\",\"contentUrl\":\"https:\/\/biscottimascolo.it\/wp-content\/uploads\/2025\/10\/Christmas-Box-Classic.jpg\",\"width\":1500,\"height\":1500},{\"@type\":\"BreadcrumbList\",\"@id\":\"https:\/\/biscottimascolo.it\/prodotto\/christmas-box-classic\/#breadcrumb\",\"itemListElement\":[{\"@type\":\"ListItem\",\"position\":1,\"name\":\"Home\",\"item\":\"https:\/\/biscottimascolo.it\/\"},{\"@type\":\"ListItem\",\"position\":2,\"name\":\"Shop\",\"item\":\"https:\/\/biscottimascolo.it\/shop\/\"},{\"@type\":\"ListItem\",\"position\":3,\"name\":\"Christmas Box Classic\"}]},{\"@type\":\"WebSite\",\"@id\":\"https:\/\/biscottimascolo.it\/#website\",\"url\":\"https:\/\/biscottimascolo.it\/\",\"name\":\"Biscottificio Mascolo\",\"description\":\"Prodotti da forno di Alta Qualit\u00e0\",\"potentialAction\":[{\"@type\":\"SearchAction\",\"target\":{\"@type\":\"EntryPoint\",\"urlTemplate\":\"https:\/\/biscottimascolo.it\/?s={search_term_string}\"},\"query-input\":{\"@type\":\"PropertyValueSpecification\",\"valueRequired\":true,\"valueName\":\"search_term_string\"}}],\"inLanguage\":\"en-US\"}]}<\/script>\n<!-- \/ Yoast SEO plugin. -->","yoast_head_json":{"title":"Christmas Box Classic - Biscotti Mascolo","robots":{"index":"index","follow":"follow","max-snippet":"max-snippet:-1","max-image-preview":"max-image-preview:large","max-video-preview":"max-video-preview:-1"},"canonical":"https:\/\/biscottimascolo.it\/prodotto\/christmas-box-classic\/","og_locale":"en_US","og_type":"article","og_title":"Christmas Box Classic - Biscotti Mascolo","og_description":"Un dono che profuma di festa e tradizione.\u00a0La Christmas Box Classic del Biscottificio Mascolo \u00e8 un viaggio nei sapori autentici del Natale napoletano: un cofanetto elegante che racchiude l\u2019essenza delle feste, tra profumi e sapori. La box contiene:   Misto mostaccioli scuri e roccoc\u00f2 con mandorle extra al 20% 400g  Roccoc\u00f2 extra con mandorle al 20% 400g  Mostaccioli scuri farciti al gusto caff\u00e8 240g  Mostaccioli scuri farciti Benevento 240g  Pandoro tutto burro 1kg  Un pensiero prezioso per chi ama il gusto vero del Natale, firmato Biscottificio Mascolo, dove ogni dolce racconta una storia di passione, famiglia e territorio.","og_url":"https:\/\/biscottimascolo.it\/prodotto\/christmas-box-classic\/","og_site_name":"Biscotti Mascolo","og_image":[{"width":1500,"height":1500,"url":"https:\/\/biscottimascolo.it\/wp-content\/uploads\/2025\/10\/Christmas-Box-Classic.jpg","type":"image\/jpeg"}],"twitter_card":"summary_large_image","twitter_misc":{"Est. reading time":"1 minute"},"schema":{"@context":"https:\/\/schema.org","@graph":[{"@type":"WebPage","@id":"https:\/\/biscottimascolo.it\/prodotto\/christmas-box-classic\/","url":"https:\/\/biscottimascolo.it\/prodotto\/christmas-box-classic\/","name":"Christmas Box Classic - Biscotti Mascolo","isPartOf":{"@id":"https:\/\/biscottimascolo.it\/#website"},"primaryImageOfPage":{"@id":"https:\/\/biscottimascolo.it\/prodotto\/christmas-box-classic\/#primaryimage"},"image":{"@id":"https:\/\/biscottimascolo.it\/prodotto\/christmas-box-classic\/#primaryimage"},"thumbnailUrl":"https:\/\/biscottimascolo.it\/wp-content\/uploads\/2025\/10\/Christmas-Box-Classic.jpg","datePublished":"2025-11-10T17:04:08+00:00","breadcrumb":{"@id":"https:\/\/biscottimascolo.it\/prodotto\/christmas-box-classic\/#breadcrumb"},"inLanguage":"en-US","potentialAction":[{"@type":"ReadAction","target":["https:\/\/biscottimascolo.it\/prodotto\/christmas-box-classic\/"]}]},{"@type":"ImageObject","inLanguage":"en-US","@id":"https:\/\/biscottimascolo.it\/prodotto\/christmas-box-classic\/#primaryimage","url":"https:\/\/biscottimascolo.it\/wp-content\/uploads\/2025\/10\/Christmas-Box-Classic.jpg","contentUrl":"https:\/\/biscottimascolo.it\/wp-content\/uploads\/2025\/10\/Christmas-Box-Classic.jpg","width":1500,"height":1500},{"@type":"BreadcrumbList","@id":"https:\/\/biscottimascolo.it\/prodotto\/christmas-box-classic\/#breadcrumb","itemListElement":[{"@type":"ListItem","position":1,"name":"Home","item":"https:\/\/biscottimascolo.it\/"},{"@type":"ListItem","position":2,"name":"Shop","item":"https:\/\/biscottimascolo.it\/shop\/"},{"@type":"ListItem","position":3,"name":"Christmas Box Classic"}]},{"@type":"WebSite","@id":"https:\/\/biscottimascolo.it\/#website","url":"https:\/\/biscottimascolo.it\/","name":"Biscottificio Mascolo","description":"Prodotti da forno di Alta Qualit\u00e0","potentialAction":[{"@type":"SearchAction","target":{"@type":"EntryPoint","urlTemplate":"https:\/\/biscottimascolo.it\/?s={search_term_string}"},"query-input":{"@type":"PropertyValueSpecification","valueRequired":true,"valueName":"search_term_string"}}],"inLanguage":"en-US"}]}},"_links":{"self":[{"href":"https:\/\/biscottimascolo.it\/en\/wp-json\/wp\/v2\/product\/33324","targetHints":{"allow":["GET"]}}],"collection":[{"href":"https:\/\/biscottimascolo.it\/en\/wp-json\/wp\/v2\/product"}],"about":[{"href":"https:\/\/biscottimascolo.it\/en\/wp-json\/wp\/v2\/types\/product"}],"replies":[{"embeddable":true,"href":"https:\/\/biscottimascolo.it\/en\/wp-json\/wp\/v2\/comments?post=33324"}],"version-history":[{"count":6,"href":"https:\/\/biscottimascolo.it\/en\/wp-json\/wp\/v2\/product\/33324\/revisions"}],"predecessor-version":[{"id":33484,"href":"https:\/\/biscottimascolo.it\/en\/wp-json\/wp\/v2\/product\/33324\/revisions\/33484"}],"wp:featuredmedia":[{"embeddable":true,"href":"https:\/\/biscottimascolo.it\/en\/wp-json\/wp\/v2\/media\/33474"}],"wp:attachment":[{"href":"https:\/\/biscottimascolo.it\/en\/wp-json\/wp\/v2\/media?parent=33324"}],"wp:term":[{"taxonomy":"product_brand","embeddable":true,"href":"https:\/\/biscottimascolo.it\/en\/wp-json\/wp\/v2\/product_brand?post=33324"},{"taxonomy":"product_cat","embeddable":true,"href":"https:\/\/biscottimascolo.it\/en\/wp-json\/wp\/v2\/product_cat?post=33324"},{"taxonomy":"product_tag","embeddable":true,"href":"https:\/\/biscottimascolo.it\/en\/wp-json\/wp\/v2\/product_tag?post=33324"}],"curies":[{"name":"wp","href":"https:\/\/api.w.org\/{rel}","templated":true}]}}